{"id":29070,"date":"2024-02-02T11:18:05","date_gmt":"2024-02-02T10:18:05","guid":{"rendered":"https:\/\/www.vkpbratislava.sk\/?page_id=29070"},"modified":"2024-02-02T11:24:48","modified_gmt":"2024-02-02T10:24:48","slug":"dokumenty-2023-2024","status":"publish","type":"page","link":"https:\/\/www.vkpbratislava.sk\/?page_id=29070","title":{"rendered":"Dokumenty 2023\/2024"},"content":{"rendered":"<p><section id=\"bt_bb_section69f2a018b3ee1\" class=\"bt_bb_section bt_bb_layout_boxed_900 bt_bb_vertical_align_top bt_bb_top_spacing_medium\"  data-bt-override-class=\"{&quot;bt_bb_top_spacing_&quot;:{&quot;current_class&quot;:&quot;bt_bb_top_spacing_medium&quot;,&quot;def&quot;:&quot;medium&quot;}}\"><div class=\"bt_bb_port\"><div class=\"bt_bb_cell\"><div class=\"bt_bb_cell_inner\"><div class=\"bt_bb_row \"  data-bt-override-class=\"{}\"><div class=\"bt_bb_row_holder\" ><div  class=\"bt_bb_column col-xxl-12 col-xl-12 col-xs-12 col-sm-12 col-md-12 col-lg-12 bt_bb_vertical_align_top bt_bb_align_left bt_bb_padding_normal\" style=\"; --column-width:12;\" data-width=\"12\" data-bt-override-class=\"{}\"><div class=\"bt_bb_column_content\"><div class=\"bt_bb_column_content_inner\"><div  class=\"bt_bb_text\" ><\/p>\n<ul>\n<li><a href=\"https:\/\/www.vkpbratislava.sk\/wp-content\/uploads\/2024\/02\/VKP-8-2023.pdf\">VKP 8-2023<\/a><\/li>\n<li><a href=\"https:\/\/www.vkpbratislava.sk\/wp-content\/uploads\/2024\/02\/Transparent-VKP-11-2023.pdf\">Transparent VKP 11-2023<\/a><\/li>\n<li><a href=\"https:\/\/www.vkpbratislava.sk\/wp-content\/uploads\/2024\/02\/VKP-5-2023.pdf\">VKP 5-2023<\/a><\/li>\n<li><a href=\"https:\/\/www.vkpbratislava.sk\/wp-content\/uploads\/2024\/02\/Transparent-VKP-9-2023.pdf\">Transparent VKP 9-2023<\/a><\/li>\n<li><a href=\"https:\/\/www.vkpbratislava.sk\/wp-content\/uploads\/2024\/02\/VKP-7-2023.pdf\">VKP 7-2023<\/a><\/li>\n<li><a href=\"https:\/\/www.vkpbratislava.sk\/wp-content\/uploads\/2024\/02\/VKP-10-2023.pdf\">VKP 10-2023<\/a><\/li>\n<li><a href=\"https:\/\/www.vkpbratislava.sk\/wp-content\/uploads\/2024\/02\/VKP-4-2023.pdf\">VKP 4-2023<\/a><\/li>\n<li><a href=\"https:\/\/www.vkpbratislava.sk\/wp-content\/uploads\/2024\/02\/Transparent-VKP-12-2023.pdf\">Transparent VKP 12-2023<\/a><\/li>\n<li><a href=\"https:\/\/www.vkpbratislava.sk\/wp-content\/uploads\/2024\/02\/VKP-3-2023.pdf\">VKP 3-2023<\/a><\/li>\n<li><a href=\"https:\/\/www.vkpbratislava.sk\/wp-content\/uploads\/2024\/02\/VKP-1-2023.pdf\">VKP 1-2023<\/a><\/li>\n<li><a href=\"https:\/\/www.vkpbratislava.sk\/wp-content\/uploads\/2024\/02\/VKP-11-2023.pdf\">VKP 11-2023<\/a><\/li>\n<li><a href=\"https:\/\/www.vkpbratislava.sk\/wp-content\/uploads\/2024\/02\/Transparent-VKP-10-2023.pdf\">Transparent VKP 10-2023<\/a><\/li>\n<li><a href=\"https:\/\/www.vkpbratislava.sk\/wp-content\/uploads\/2024\/02\/VKP-6-2023.pdf\">VKP 6-2023<\/a><\/li>\n<li><a href=\"https:\/\/www.vkpbratislava.sk\/wp-content\/uploads\/2024\/02\/VKP-2-2023.pdf\">VKP 2-2023<\/a><\/li>\n<li><a href=\"https:\/\/www.vkpbratislava.sk\/wp-content\/uploads\/2024\/02\/VKP-12-2023.pdf\">VKP 12-2023<\/a><\/li>\n<li><a href=\"https:\/\/www.vkpbratislava.sk\/wp-content\/uploads\/2024\/02\/Transparent-VKP-7-2023.pdf\">Transparent VKP 7-2023<\/a><\/li>\n<li><a href=\"https:\/\/www.vkpbratislava.sk\/wp-content\/uploads\/2024\/02\/Transparent-VKP-8-2023.pdf\">Transparent VKP 8-2023<\/a><\/li>\n<li><a href=\"https:\/\/www.vkpbratislava.sk\/wp-content\/uploads\/2024\/02\/VKP-9-2023.pdf\">VKP 9-2023<\/a><\/li>\n<\/ul>\n<p>\n<\/div><\/div><\/div><\/div><\/div><\/div><\/div><!-- cell_inner --><\/div><!-- cell --><\/div><!-- port --><\/section><section id=\"bt_bb_section69f2a018b4346\" class=\"bt_bb_section bt_bb_layout_boxed_1200\"  data-bt-override-class=\"null\"><div class=\"bt_bb_port\"><div class=\"bt_bb_cell\"><div class=\"bt_bb_cell_inner\"><div class=\"bt_bb_row \"  data-bt-override-class=\"{}\"><div class=\"bt_bb_row_holder\" ><div  class=\"bt_bb_column col-xxl-12 col-xl-12 col-xs-12 col-sm-12 col-md-12 col-lg-12 bt_bb_vertical_align_top bt_bb_align_left bt_bb_padding_normal\" style=\"; --column-width:12;\" data-width=\"12\" data-bt-override-class=\"{}\"><div class=\"bt_bb_column_content\"><div class=\"bt_bb_column_content_inner\"><div class=\"bt_bb_separator bt_bb_border_style_none bt_bb_top_spacing_none bt_bb_bottom_spacing_10\" data-bt-override-class=\"{&quot;bt_bb_top_spacing_&quot;:{&quot;current_class&quot;:&quot;bt_bb_top_spacing_none&quot;,&quot;def&quot;:&quot;none&quot;,&quot;xl&quot;:&quot;none&quot;},&quot;bt_bb_bottom_spacing_&quot;:{&quot;current_class&quot;:&quot;bt_bb_bottom_spacing_10&quot;,&quot;def&quot;:&quot;10&quot;,&quot;xl&quot;:&quot;10&quot;}}\"><\/div><\/div><\/div><\/div><\/div><\/div><\/div><!-- cell_inner --><\/div><!-- cell --><\/div><!-- port --><\/section><\/p>\n","protected":false},"excerpt":{"rendered":"","protected":false},"author":1,"featured_media":7318,"parent":0,"menu_order":0,"comment_status":"closed","ping_status":"closed","template":"","meta":{"_monsterinsights_skip_tracking":false,"_monsterinsights_sitenote_active":false,"_monsterinsights_sitenote_note":"","_monsterinsights_sitenote_category":0,"footnotes":""},"class_list":["post-29070","page","type-page","status-publish","has-post-thumbnail","hentry"],"yoast_head":"<!-- This site is optimized with the Yoast SEO plugin v25.6 - https:\/\/yoast.com\/wordpress\/plugins\/seo\/ -->\n<title>Dokumenty 2023\/2024 - VK SLOVAN Bratislava<\/title>\n<meta name=\"description\" content=\"Povinne zverej\u0148ovan\u00e9 dokumenty ob\u010dianskeho zdru\u017eenia Volejbalov\u00fd klub pol\u00edcie Bratislava o.z.\" \/>\n<meta name=\"robots\" content=\"index, follow, max-snippet:-1, max-image-preview:large, max-video-preview:-1\" \/>\n<link rel=\"canonical\" href=\"https:\/\/www.vkpbratislava.sk\/?page_id=29070\" \/>\n<meta property=\"og:locale\" content=\"sk_SK\" \/>\n<meta property=\"og:type\" content=\"article\" \/>\n<meta property=\"og:title\" content=\"Dokumenty 2023\/2024 - VK SLOVAN Bratislava\" \/>\n<meta property=\"og:description\" content=\"Povinne zverej\u0148ovan\u00e9 dokumenty ob\u010dianskeho zdru\u017eenia Volejbalov\u00fd klub pol\u00edcie Bratislava o.z.\" \/>\n<meta property=\"og:url\" content=\"https:\/\/www.vkpbratislava.sk\/?page_id=29070\" \/>\n<meta property=\"og:site_name\" content=\"VK SLOVAN Bratislava\" \/>\n<meta property=\"article:modified_time\" content=\"2024-02-02T10:24:48+00:00\" \/>\n<meta property=\"og:image\" content=\"https:\/\/www.vkpbratislava.sk\/wp-content\/uploads\/2021\/10\/matt-chesin-xDtiCFu_Z3s-unsplash2-scaled.jpg\" \/>\n\t<meta property=\"og:image:width\" content=\"2560\" \/>\n\t<meta property=\"og:image:height\" content=\"1244\" \/>\n\t<meta property=\"og:image:type\" content=\"image\/jpeg\" \/>\n<meta name=\"twitter:card\" content=\"summary_large_image\" \/>\n<meta name=\"twitter:label1\" content=\"Predpokladan\u00fd \u010das \u010d\u00edtania\" \/>\n\t<meta name=\"twitter:data1\" content=\"1 min\u00fata\" \/>\n<script type=\"application\/ld+json\" class=\"yoast-schema-graph\">{\"@context\":\"https:\/\/schema.org\",\"@graph\":[{\"@type\":\"WebPage\",\"@id\":\"https:\/\/www.vkpbratislava.sk\/?page_id=29070\",\"url\":\"https:\/\/www.vkpbratislava.sk\/?page_id=29070\",\"name\":\"Dokumenty 2023\/2024 - VK SLOVAN Bratislava\",\"isPartOf\":{\"@id\":\"https:\/\/www.vkpbratislava.sk\/#website\"},\"primaryImageOfPage\":{\"@id\":\"https:\/\/www.vkpbratislava.sk\/?page_id=29070#primaryimage\"},\"image\":{\"@id\":\"https:\/\/www.vkpbratislava.sk\/?page_id=29070#primaryimage\"},\"thumbnailUrl\":\"https:\/\/www.vkpbratislava.sk\/wp-content\/uploads\/2021\/10\/matt-chesin-xDtiCFu_Z3s-unsplash2-scaled.jpg\",\"datePublished\":\"2024-02-02T10:18:05+00:00\",\"dateModified\":\"2024-02-02T10:24:48+00:00\",\"description\":\"Povinne zverej\u0148ovan\u00e9 dokumenty ob\u010dianskeho zdru\u017eenia Volejbalov\u00fd klub pol\u00edcie Bratislava o.z.\",\"breadcrumb\":{\"@id\":\"https:\/\/www.vkpbratislava.sk\/?page_id=29070#breadcrumb\"},\"inLanguage\":\"sk-SK\",\"potentialAction\":[{\"@type\":\"ReadAction\",\"target\":[\"https:\/\/www.vkpbratislava.sk\/?page_id=29070\"]}]},{\"@type\":\"ImageObject\",\"inLanguage\":\"sk-SK\",\"@id\":\"https:\/\/www.vkpbratislava.sk\/?page_id=29070#primaryimage\",\"url\":\"https:\/\/www.vkpbratislava.sk\/wp-content\/uploads\/2021\/10\/matt-chesin-xDtiCFu_Z3s-unsplash2-scaled.jpg\",\"contentUrl\":\"https:\/\/www.vkpbratislava.sk\/wp-content\/uploads\/2021\/10\/matt-chesin-xDtiCFu_Z3s-unsplash2-scaled.jpg\",\"width\":2560,\"height\":1244},{\"@type\":\"BreadcrumbList\",\"@id\":\"https:\/\/www.vkpbratislava.sk\/?page_id=29070#breadcrumb\",\"itemListElement\":[{\"@type\":\"ListItem\",\"position\":1,\"name\":\"Domov\",\"item\":\"https:\/\/www.vkpbratislava.sk\/\"},{\"@type\":\"ListItem\",\"position\":2,\"name\":\"Dokumenty 2023\/2024\"}]},{\"@type\":\"WebSite\",\"@id\":\"https:\/\/www.vkpbratislava.sk\/#website\",\"url\":\"https:\/\/www.vkpbratislava.sk\/\",\"name\":\"VK SLOVAN Bratislava\",\"description\":\"Volejbalov\u00fd klub\",\"publisher\":{\"@id\":\"https:\/\/www.vkpbratislava.sk\/#organization\"},\"potentialAction\":[{\"@type\":\"SearchAction\",\"target\":{\"@type\":\"EntryPoint\",\"urlTemplate\":\"https:\/\/www.vkpbratislava.sk\/?s={search_term_string}\"},\"query-input\":{\"@type\":\"PropertyValueSpecification\",\"valueRequired\":true,\"valueName\":\"search_term_string\"}}],\"inLanguage\":\"sk-SK\"},{\"@type\":\"Organization\",\"@id\":\"https:\/\/www.vkpbratislava.sk\/#organization\",\"name\":\"VKP Bratislava\",\"url\":\"https:\/\/www.vkpbratislava.sk\/\",\"logo\":{\"@type\":\"ImageObject\",\"inLanguage\":\"sk-SK\",\"@id\":\"https:\/\/www.vkpbratislava.sk\/#\/schema\/logo\/image\/\",\"url\":\"https:\/\/www.vkpbratislava.sk\/wp-content\/uploads\/2020\/10\/vkpBA.png\",\"contentUrl\":\"https:\/\/www.vkpbratislava.sk\/wp-content\/uploads\/2020\/10\/vkpBA.png\",\"width\":600,\"height\":600,\"caption\":\"VKP Bratislava\"},\"image\":{\"@id\":\"https:\/\/www.vkpbratislava.sk\/#\/schema\/logo\/image\/\"}}]}<\/script>\n<!-- \/ Yoast SEO plugin. -->","yoast_head_json":{"title":"Dokumenty 2023\/2024 - VK SLOVAN Bratislava","description":"Povinne zverej\u0148ovan\u00e9 dokumenty ob\u010dianskeho zdru\u017eenia Volejbalov\u00fd klub pol\u00edcie Bratislava o.z.","robots":{"index":"index","follow":"follow","max-snippet":"max-snippet:-1","max-image-preview":"max-image-preview:large","max-video-preview":"max-video-preview:-1"},"canonical":"https:\/\/www.vkpbratislava.sk\/?page_id=29070","og_locale":"sk_SK","og_type":"article","og_title":"Dokumenty 2023\/2024 - VK SLOVAN Bratislava","og_description":"Povinne zverej\u0148ovan\u00e9 dokumenty ob\u010dianskeho zdru\u017eenia Volejbalov\u00fd klub pol\u00edcie Bratislava o.z.","og_url":"https:\/\/www.vkpbratislava.sk\/?page_id=29070","og_site_name":"VK SLOVAN Bratislava","article_modified_time":"2024-02-02T10:24:48+00:00","og_image":[{"width":2560,"height":1244,"url":"https:\/\/www.vkpbratislava.sk\/wp-content\/uploads\/2021\/10\/matt-chesin-xDtiCFu_Z3s-unsplash2-scaled.jpg","type":"image\/jpeg"}],"twitter_card":"summary_large_image","twitter_misc":{"Predpokladan\u00fd \u010das \u010d\u00edtania":"1 min\u00fata"},"schema":{"@context":"https:\/\/schema.org","@graph":[{"@type":"WebPage","@id":"https:\/\/www.vkpbratislava.sk\/?page_id=29070","url":"https:\/\/www.vkpbratislava.sk\/?page_id=29070","name":"Dokumenty 2023\/2024 - VK SLOVAN Bratislava","isPartOf":{"@id":"https:\/\/www.vkpbratislava.sk\/#website"},"primaryImageOfPage":{"@id":"https:\/\/www.vkpbratislava.sk\/?page_id=29070#primaryimage"},"image":{"@id":"https:\/\/www.vkpbratislava.sk\/?page_id=29070#primaryimage"},"thumbnailUrl":"https:\/\/www.vkpbratislava.sk\/wp-content\/uploads\/2021\/10\/matt-chesin-xDtiCFu_Z3s-unsplash2-scaled.jpg","datePublished":"2024-02-02T10:18:05+00:00","dateModified":"2024-02-02T10:24:48+00:00","description":"Povinne zverej\u0148ovan\u00e9 dokumenty ob\u010dianskeho zdru\u017eenia Volejbalov\u00fd klub pol\u00edcie Bratislava o.z.","breadcrumb":{"@id":"https:\/\/www.vkpbratislava.sk\/?page_id=29070#breadcrumb"},"inLanguage":"sk-SK","potentialAction":[{"@type":"ReadAction","target":["https:\/\/www.vkpbratislava.sk\/?page_id=29070"]}]},{"@type":"ImageObject","inLanguage":"sk-SK","@id":"https:\/\/www.vkpbratislava.sk\/?page_id=29070#primaryimage","url":"https:\/\/www.vkpbratislava.sk\/wp-content\/uploads\/2021\/10\/matt-chesin-xDtiCFu_Z3s-unsplash2-scaled.jpg","contentUrl":"https:\/\/www.vkpbratislava.sk\/wp-content\/uploads\/2021\/10\/matt-chesin-xDtiCFu_Z3s-unsplash2-scaled.jpg","width":2560,"height":1244},{"@type":"BreadcrumbList","@id":"https:\/\/www.vkpbratislava.sk\/?page_id=29070#breadcrumb","itemListElement":[{"@type":"ListItem","position":1,"name":"Domov","item":"https:\/\/www.vkpbratislava.sk\/"},{"@type":"ListItem","position":2,"name":"Dokumenty 2023\/2024"}]},{"@type":"WebSite","@id":"https:\/\/www.vkpbratislava.sk\/#website","url":"https:\/\/www.vkpbratislava.sk\/","name":"VK SLOVAN Bratislava","description":"Volejbalov\u00fd klub","publisher":{"@id":"https:\/\/www.vkpbratislava.sk\/#organization"},"potentialAction":[{"@type":"SearchAction","target":{"@type":"EntryPoint","urlTemplate":"https:\/\/www.vkpbratislava.sk\/?s={search_term_string}"},"query-input":{"@type":"PropertyValueSpecification","valueRequired":true,"valueName":"search_term_string"}}],"inLanguage":"sk-SK"},{"@type":"Organization","@id":"https:\/\/www.vkpbratislava.sk\/#organization","name":"VKP Bratislava","url":"https:\/\/www.vkpbratislava.sk\/","logo":{"@type":"ImageObject","inLanguage":"sk-SK","@id":"https:\/\/www.vkpbratislava.sk\/#\/schema\/logo\/image\/","url":"https:\/\/www.vkpbratislava.sk\/wp-content\/uploads\/2020\/10\/vkpBA.png","contentUrl":"https:\/\/www.vkpbratislava.sk\/wp-content\/uploads\/2020\/10\/vkpBA.png","width":600,"height":600,"caption":"VKP Bratislava"},"image":{"@id":"https:\/\/www.vkpbratislava.sk\/#\/schema\/logo\/image\/"}}]}},"_links":{"self":[{"href":"https:\/\/www.vkpbratislava.sk\/index.php?rest_route=\/wp\/v2\/pages\/29070","targetHints":{"allow":["GET"]}}],"collection":[{"href":"https:\/\/www.vkpbratislava.sk\/index.php?rest_route=\/wp\/v2\/pages"}],"about":[{"href":"https:\/\/www.vkpbratislava.sk\/index.php?rest_route=\/wp\/v2\/types\/page"}],"author":[{"embeddable":true,"href":"https:\/\/www.vkpbratislava.sk\/index.php?rest_route=\/wp\/v2\/users\/1"}],"replies":[{"embeddable":true,"href":"https:\/\/www.vkpbratislava.sk\/index.php?rest_route=%2Fwp%2Fv2%2Fcomments&post=29070"}],"version-history":[{"count":2,"href":"https:\/\/www.vkpbratislava.sk\/index.php?rest_route=\/wp\/v2\/pages\/29070\/revisions"}],"predecessor-version":[{"id":29090,"href":"https:\/\/www.vkpbratislava.sk\/index.php?rest_route=\/wp\/v2\/pages\/29070\/revisions\/29090"}],"wp:featuredmedia":[{"embeddable":true,"href":"https:\/\/www.vkpbratislava.sk\/index.php?rest_route=\/wp\/v2\/media\/7318"}],"wp:attachment":[{"href":"https:\/\/www.vkpbratislava.sk\/index.php?rest_route=%2Fwp%2Fv2%2Fmedia&parent=29070"}],"curies":[{"name":"wp","href":"https:\/\/api.w.org\/{rel}","templated":true}]}}